{"id":548,"date":"2024-04-06T23:55:18","date_gmt":"2024-04-07T02:55:18","guid":{"rendered":"https:\/\/colegiocdc.com.br\/?page_id=548"},"modified":"2024-04-08T22:52:23","modified_gmt":"2024-04-09T01:52:23","slug":"politica-de-privacidade","status":"publish","type":"page","link":"https:\/\/colegiocdc.com.br\/?page_id=548","title":{"rendered":"Pol\u00edtica de Privacidade"},"content":{"rendered":"\t\t<div data-elementor-type=\"wp-page\" data-elementor-id=\"548\" class=\"elementor elementor-548\" data-elementor-post-type=\"page\">\n\t\t\t\t<div class=\"elementor-element elementor-element-54731dc e-flex e-con-boxed e-con e-parent\" data-id=\"54731dc\" data-element_type=\"container\">\n\t\t\t\t\t<div class=\"e-con-inner\">\n\t\t<div class=\"elementor-element elementor-element-a5cdb1a e-flex e-con-boxed e-con e-child\" data-id=\"a5cdb1a\" data-element_type=\"container\">\n\t\t\t\t\t<div class=\"e-con-inner\">\n\t\t\t\t<div class=\"elementor-element elementor-element-7de7569 elementor-widget elementor-widget-heading\" data-id=\"7de7569\" data-element_type=\"widget\" data-widget_type=\"heading.default\">\n\t\t\t\t<div class=\"elementor-widget-container\">\n\t\t\t\t\t<h2 class=\"elementor-heading-title elementor-size-default\">Pol\u00edtica de Privacidade<\/h2>\t\t\t\t<\/div>\n\t\t\t\t<\/div>\n\t\t\t\t<div class=\"elementor-element elementor-element-508fa03 elementor-widget elementor-widget-text-editor\" data-id=\"508fa03\" data-element_type=\"widget\" data-widget_type=\"text-editor.default\">\n\t\t\t\t<div class=\"elementor-widget-container\">\n\t\t\t\t\t\t\t\t\t<p>A sua privacidade \u00e9 importante para n\u00f3s. \u00c9 pol\u00edtica do site Col\u00e9gio Duque de Caxias respeitar a sua privacidade em rela\u00e7\u00e3o a qualquer informa\u00e7\u00e3o sua que possamos coletar no site Col\u00e9gio Duque de Caxias, e outros sites que possu\u00edmos e operamos.<\/p><p>Trabalhamos com base na Lei de Prote\u00e7\u00e3o de Dados (13.709\/2018) que traz garantias de privacidade, confidencialidade, reten\u00e7\u00e3o, prote\u00e7\u00e3o aos direitos fundamentais de liberdade e o livre desenvolvimento da personalidade da pessoa. Al\u00e9m disso, respeitamos a Constitui\u00e7\u00e3o Federal da Rep\u00fablica Federativa do Brasil, o C\u00f3digo de Defesa do Consumidor (Lei<br \/>8.078\/90), Marco Civil da Internet (Lei 12.965\/14).<\/p><p>Solicitamos informa\u00e7\u00f5es pessoais apenas quando realmente precisamos delas para lhe fornecer um servi\u00e7o, por meios legais, com o seu conhecimento e consentimento. Tamb\u00e9m informamos por que estamos coletando e como ser\u00e1 usado, deixando claro o motivo, o que estamos coletando e como ser\u00e1 usado.<\/p><p>Apenas retemos as informa\u00e7\u00f5es coletadas pelo tempo necess\u00e1rio para fornecer o servi\u00e7o solicitado. Quando armazenamos dados, protegemos dentro de meios comercialmente aceit\u00e1veis pela legisla\u00e7\u00e3o atual para evitar perdas e roubos, bem como, acesso, divulga\u00e7\u00e3o, c\u00f3pia, uso ou modifica\u00e7\u00e3o n\u00e3o autorizados.<\/p><p>N\u00e3o compartilhamos informa\u00e7\u00f5es de identifica\u00e7\u00e3o pessoal publicamente ou com terceiros, exceto por determina\u00e7\u00e3o judicial ou pr\u00e9via autoriza\u00e7\u00e3o de nossos clientes.<\/p><p><strong>O nosso site pode ter links para sites externos que n\u00e3o s\u00e3o operados por n\u00f3s. Diante disto, n\u00e3o nos responsabilizamos por danos de terceiros.<\/strong>\u00a0Esteja ciente de que n\u00e3o temos controle sobre o conte\u00fado e pr\u00e1ticas de sites de terceiros e n\u00e3o podemos aceitar responsabilidade por suas respectivas pol\u00edticas de privacidade.<\/p><p>Na qualidade de consumidor, O (a) sr. (sra.) \u00e9 livre para recusar a nossa solicita\u00e7\u00e3o de informa\u00e7\u00f5es pessoais, entendendo que talvez n\u00e3o possamos fornecer alguns dos servi\u00e7os desejados.<\/p><p>O uso continuado de nosso site ser\u00e1 considerado como aceita\u00e7\u00e3o de nossas pr\u00e1ticas em torno de privacidade e informa\u00e7\u00f5es pessoais. Se O (a) sr. (sra.) tiver alguma d\u00favida sobre como lidamos com dados do usu\u00e1rio e informa\u00e7\u00f5es pessoais, entre em contato conosco atrav\u00e9s do e-mail:\u00a0<strong>contato@colegiocdc.com.br<\/strong>.<\/p><p>Nossa pol\u00edtica \u00e9 atualizada de forma constante.<\/p><p>Fica, desde j\u00e1, o titular de dados ciente que o conte\u00fado desta Pol\u00edtica de Privacidade pode ser alterado a crit\u00e9rio do site Col\u00e9gio Duque de Caxias, independente de aviso ou notifica\u00e7\u00e3o. Em caso de altera\u00e7\u00e3o, as modifica\u00e7\u00f5es produzem todos os efeitos a partir do momento da disponibiliza\u00e7\u00e3o no site.<\/p><p>O site Col\u00e9gio Duque de Caxias n\u00e3o se responsabiliza caso o (a) sr. (sra) venha utilizar seus dados de forma incorreta ou inver\u00eddica, ficando exclu\u00eddo de qualquer responsabilidade neste sentido.<\/p>\t\t\t\t\t\t\t\t<\/div>\n\t\t\t\t<\/div>\n\t\t\t\t<div class=\"elementor-element elementor-element-74bf03e elementor-widget elementor-widget-heading\" data-id=\"74bf03e\" data-element_type=\"widget\" data-widget_type=\"heading.default\">\n\t\t\t\t<div class=\"elementor-widget-container\">\n\t\t\t\t\t<h2 class=\"elementor-heading-title elementor-size-default\">Pol\u00edtica de Cookies<\/h2>\t\t\t\t<\/div>\n\t\t\t\t<\/div>\n\t\t\t\t<div class=\"elementor-element elementor-element-4bf1687 elementor-widget elementor-widget-heading\" data-id=\"4bf1687\" data-element_type=\"widget\" data-widget_type=\"heading.default\">\n\t\t\t\t<div class=\"elementor-widget-container\">\n\t\t\t\t\t<h2 class=\"elementor-heading-title elementor-size-default\">O que s\u00e3o cookies?<\/h2>\t\t\t\t<\/div>\n\t\t\t\t<\/div>\n\t\t\t\t<div class=\"elementor-element elementor-element-9a59fdb elementor-widget elementor-widget-text-editor\" data-id=\"9a59fdb\" data-element_type=\"widget\" data-widget_type=\"text-editor.default\">\n\t\t\t\t<div class=\"elementor-widget-container\">\n\t\t\t\t\t\t\t\t\t<p>Como \u00e9 pr\u00e1tica comum em quase todos os sites profissionais, este site usa cookies, que s\u00e3o pequenos arquivos baixados no seu computador, para melhorar sua experi\u00eancia. Esta p\u00e1gina descreve quais informa\u00e7\u00f5es eles coletam, como as usamos e por que \u00e0s vezes precisamos armazenar esses cookies. Tamb\u00e9m compartilharemos como o (a) sr. (sra.) pode impedir que esses cookies sejam armazenados, no entanto, isso pode fazer o downgrade ou \u2018quebrar\u2019<br \/>certos elementos da funcionalidade do site.<\/p>\t\t\t\t\t\t\t\t<\/div>\n\t\t\t\t<\/div>\n\t\t\t\t<div class=\"elementor-element elementor-element-2754523 elementor-widget elementor-widget-heading\" data-id=\"2754523\" data-element_type=\"widget\" data-widget_type=\"heading.default\">\n\t\t\t\t<div class=\"elementor-widget-container\">\n\t\t\t\t\t<h2 class=\"elementor-heading-title elementor-size-default\">Como usamos os cookies?<\/h2>\t\t\t\t<\/div>\n\t\t\t\t<\/div>\n\t\t\t\t<div class=\"elementor-element elementor-element-f80046b elementor-widget elementor-widget-text-editor\" data-id=\"f80046b\" data-element_type=\"widget\" data-widget_type=\"text-editor.default\">\n\t\t\t\t<div class=\"elementor-widget-container\">\n\t\t\t\t\t\t\t\t\t<p>Utilizamos cookies por v\u00e1rios motivos, detalhados abaixo. Infelizmente, na maioria dos casos, n\u00e3o existem op\u00e7\u00f5es padr\u00e3o do setor para desativar os cookies sem desativar completamente a funcionalidade e os recursos que eles adicionam a este site.<\/p>\t\t\t\t\t\t\t\t<\/div>\n\t\t\t\t<\/div>\n\t\t\t\t<div class=\"elementor-element elementor-element-30a367e elementor-widget elementor-widget-heading\" data-id=\"30a367e\" data-element_type=\"widget\" data-widget_type=\"heading.default\">\n\t\t\t\t<div class=\"elementor-widget-container\">\n\t\t\t\t\t<h2 class=\"elementor-heading-title elementor-size-default\">Desativar cookies<\/h2>\t\t\t\t<\/div>\n\t\t\t\t<\/div>\n\t\t\t\t<div class=\"elementor-element elementor-element-7e287d7 elementor-widget elementor-widget-text-editor\" data-id=\"7e287d7\" data-element_type=\"widget\" data-widget_type=\"text-editor.default\">\n\t\t\t\t<div class=\"elementor-widget-container\">\n\t\t\t\t\t\t\t\t\t<p>O (a) sr. (sra.) pode impedir a configura\u00e7\u00e3o de cookies ajustando as configura\u00e7\u00f5es do seu navegador (consulte a Ajuda do navegador para saber como fazer isso). Esteja ciente de que a desativa\u00e7\u00e3o de cookies afetar\u00e1 a funcionalidade deste e de muitos outros sites que o (a) sr. (sra.) visita.<\/p><p>OBS: A desativa\u00e7\u00e3o de cookies geralmente resultar\u00e1 na desativa\u00e7\u00e3o de determinadas funcionalidades e recursos deste site. Portanto, \u00e9 recomend\u00e1vel que n\u00e3o desative os cookies.<\/p>\t\t\t\t\t\t\t\t<\/div>\n\t\t\t\t<\/div>\n\t\t\t\t<div class=\"elementor-element elementor-element-1ccb59f elementor-widget elementor-widget-heading\" data-id=\"1ccb59f\" data-element_type=\"widget\" data-widget_type=\"heading.default\">\n\t\t\t\t<div class=\"elementor-widget-container\">\n\t\t\t\t\t<h2 class=\"elementor-heading-title elementor-size-default\">Cookies que definimos<\/h2>\t\t\t\t<\/div>\n\t\t\t\t<\/div>\n\t\t\t\t<div class=\"elementor-element elementor-element-e0ac5af elementor-widget elementor-widget-heading\" data-id=\"e0ac5af\" data-element_type=\"widget\" data-widget_type=\"heading.default\">\n\t\t\t\t<div class=\"elementor-widget-container\">\n\t\t\t\t\t<h2 class=\"elementor-heading-title elementor-size-default\">- Cookies relacionados a pesquisas<\/h2>\t\t\t\t<\/div>\n\t\t\t\t<\/div>\n\t\t\t\t<div class=\"elementor-element elementor-element-ef0b675 elementor-widget elementor-widget-text-editor\" data-id=\"ef0b675\" data-element_type=\"widget\" data-widget_type=\"text-editor.default\">\n\t\t\t\t<div class=\"elementor-widget-container\">\n\t\t\t\t\t\t\t\t\t<p>Periodicamente, oferecemos pesquisas e question\u00e1rios para fornecer informa\u00e7\u00f5es interessantes, ferramentas \u00fateis ou para entender nossa base de usu\u00e1rios com mais precis\u00e3o. Essas pesquisas podem usar cookies para lembrar quem j\u00e1 participou numa pesquisa ou para fornecer resultados precisos ap\u00f3s a altera\u00e7\u00e3o das p\u00e1ginas.<\/p>\t\t\t\t\t\t\t\t<\/div>\n\t\t\t\t<\/div>\n\t\t\t\t<div class=\"elementor-element elementor-element-940b7f2 elementor-widget elementor-widget-heading\" data-id=\"940b7f2\" data-element_type=\"widget\" data-widget_type=\"heading.default\">\n\t\t\t\t<div class=\"elementor-widget-container\">\n\t\t\t\t\t<h2 class=\"elementor-heading-title elementor-size-default\">- Cookies relacionados a formul\u00e1rios<\/h2>\t\t\t\t<\/div>\n\t\t\t\t<\/div>\n\t\t\t\t<div class=\"elementor-element elementor-element-9042a6d elementor-widget elementor-widget-text-editor\" data-id=\"9042a6d\" data-element_type=\"widget\" data-widget_type=\"text-editor.default\">\n\t\t\t\t<div class=\"elementor-widget-container\">\n\t\t\t\t\t\t\t\t\t<p>Quando O (a) sr. (sra.) envia dados por meio de um formul\u00e1rio como os encontrados nas p\u00e1ginas de contato ou nos formul\u00e1rios de coment\u00e1rios, os cookies podem ser configurados para lembrar os detalhes do usu\u00e1rio para correspond\u00eancia futura.<\/p>\t\t\t\t\t\t\t\t<\/div>\n\t\t\t\t<\/div>\n\t\t\t\t<div class=\"elementor-element elementor-element-9005ff7 elementor-widget elementor-widget-heading\" data-id=\"9005ff7\" data-element_type=\"widget\" data-widget_type=\"heading.default\">\n\t\t\t\t<div class=\"elementor-widget-container\">\n\t\t\t\t\t<h2 class=\"elementor-heading-title elementor-size-default\">- Cookies de prefer\u00eancias do site<\/h2>\t\t\t\t<\/div>\n\t\t\t\t<\/div>\n\t\t\t\t<div class=\"elementor-element elementor-element-453f248 elementor-widget elementor-widget-text-editor\" data-id=\"453f248\" data-element_type=\"widget\" data-widget_type=\"text-editor.default\">\n\t\t\t\t<div class=\"elementor-widget-container\">\n\t\t\t\t\t\t\t\t\t<p>Para proporcionar uma \u00f3tima experi\u00eancia neste site, fornecemos a funcionalidade para definir suas prefer\u00eancias de como esse site \u00e9 executado quando O (a) sr. (sra.) o usa. Para lembrar suas prefer\u00eancias, precisamos definir cookies para que essas informa\u00e7\u00f5es possam ser chamadas sempre que O (a) sr. (sra.) interagir com uma p\u00e1gina que for afetada por suas prefer\u00eancias.<\/p>\t\t\t\t\t\t\t\t<\/div>\n\t\t\t\t<\/div>\n\t\t\t\t<div class=\"elementor-element elementor-element-4e7d52b elementor-widget elementor-widget-heading\" data-id=\"4e7d52b\" data-element_type=\"widget\" data-widget_type=\"heading.default\">\n\t\t\t\t<div class=\"elementor-widget-container\">\n\t\t\t\t\t<h2 class=\"elementor-heading-title elementor-size-default\">Compromisso do Usu\u00e1rio<\/h2>\t\t\t\t<\/div>\n\t\t\t\t<\/div>\n\t\t\t\t<div class=\"elementor-element elementor-element-2ebd31c elementor-widget elementor-widget-text-editor\" data-id=\"2ebd31c\" data-element_type=\"widget\" data-widget_type=\"text-editor.default\">\n\t\t\t\t<div class=\"elementor-widget-container\">\n\t\t\t\t\t\t\t\t\t<p>O usu\u00e1rio se compromete a fazer uso adequado dos conte\u00fados e da informa\u00e7\u00e3o que o site Col\u00e9gio Duque de Caxias oferece e com car\u00e1ter enunciativo, mas n\u00e3o limitativo:<\/p><p>A) N\u00e3o se envolver em atividades ilegais ou contr\u00e1rias \u00e0 boa f\u00e9 e \u00e0 ordem p\u00fablica;<br \/>B) Respeitar a todas as legisla\u00e7\u00f5es nacionais ou internacionais em que o Brasil \u00e9 signat\u00e1rio;<br \/>C) N\u00e3o difundir propaganda ou conte\u00fado de natureza racista, xenof\u00f3bica, casas de apostas, jogos de sorte e azar, qualquer tipo de pornografia ilegal, de apologia ao terrorismo ou contra os direitos humanos;<br \/>D) N\u00e3o causar danos aos sistemas f\u00edsicos (hardwares) e l\u00f3gicos (softwares) do site Col\u00e9gio Duque de Caxias, de seus fornecedores ou terceiros, para introduzir ou disseminar v\u00edrus inform\u00e1ticos ou quaisquer outros sistemas de hardware ou<br \/>software que sejam capazes de causar danos anteriormente mencionados;<\/p><p>OBS: Os conte\u00fados publicados, possuem direitos autorais e de propriedade intelectual reservados, conforme estabelece a Lei de Direitos Autorais n. 9.610, de 19.2.1998 do Governo Federal Brasileiro e correlatas. Qualquer infring\u00eancia, ser\u00e3o comunicados \u00e0s autoridades competentes.<\/p>\t\t\t\t\t\t\t\t<\/div>\n\t\t\t\t<\/div>\n\t\t\t\t<div class=\"elementor-element elementor-element-80322df elementor-widget elementor-widget-heading\" data-id=\"80322df\" data-element_type=\"widget\" data-widget_type=\"heading.default\">\n\t\t\t\t<div class=\"elementor-widget-container\">\n\t\t\t\t\t<h2 class=\"elementor-heading-title elementor-size-default\">Direitos do titular de dados<\/h2>\t\t\t\t<\/div>\n\t\t\t\t<\/div>\n\t\t\t\t<div class=\"elementor-element elementor-element-b2ad677 elementor-widget elementor-widget-text-editor\" data-id=\"b2ad677\" data-element_type=\"widget\" data-widget_type=\"text-editor.default\">\n\t\t\t\t<div class=\"elementor-widget-container\">\n\t\t\t\t\t\t\t\t\t<p>O titular de dados pessoais possui o direito de solicitar do site Col\u00e9gio Duque de Caxias, atrav\u00e9s do canal espec\u00edfico de tratamento, a qualquer momento, mediante requisi\u00e7\u00e3o formal, informa\u00e7\u00f5es referentes aos seus dados.<\/p><p>Os pedidos ser\u00e3o analisados conforme previsto em legisla\u00e7\u00e3o vigente dentro de um prazo de 72 horas, salvo determina\u00e7\u00e3o legal e\/ou objeto de lei.<\/p><p>Como exercer os seus direitos de titular de dados?<\/p><p>Para as demais solicita\u00e7\u00f5es em rela\u00e7\u00e3o aos direitos do titular de dados pessoais, entre em contato conosco atrav\u00e9s do e-mail:\u00a0<strong>contato@colegiocdc.com.br<\/strong>;<\/p>\t\t\t\t\t\t\t\t<\/div>\n\t\t\t\t<\/div>\n\t\t\t\t<div class=\"elementor-element elementor-element-c8bf4e8 elementor-widget elementor-widget-heading\" data-id=\"c8bf4e8\" data-element_type=\"widget\" data-widget_type=\"heading.default\">\n\t\t\t\t<div class=\"elementor-widget-container\">\n\t\t\t\t\t<h2 class=\"elementor-heading-title elementor-size-default\">Mais informa\u00e7\u00f5es<\/h2>\t\t\t\t<\/div>\n\t\t\t\t<\/div>\n\t\t\t\t<div class=\"elementor-element elementor-element-652287e elementor-widget elementor-widget-text-editor\" data-id=\"652287e\" data-element_type=\"widget\" data-widget_type=\"text-editor.default\">\n\t\t\t\t<div class=\"elementor-widget-container\">\n\t\t\t\t\t\t\t\t\t<p>Esperamos que esteja vossa senhoria esteja esclarecido (a) e, como mencionado anteriormente, se houver algo que n\u00e3o tenha certeza ou outra inconsist\u00eancia, geralmente \u00e9 mais seguro deixar os cookies ativados, caso interaja com um dos recursos que usa em nosso site.<\/p><p>Todavia, considerando que n\u00e3o h\u00e1 meio de transmiss\u00e3o e reten\u00e7\u00e3o de dados eletr\u00f4nicos plenamente eficaz e seguro, n\u00e3o podemos assegurar que, terceiros n\u00e3o autorizados, n\u00e3o logrem \u00eaxito no acesso indevido, eximindo-se de qualquer responsabilidade por danos e preju\u00edzos decorrentes da conduta destes em ataques externos ao site, tais como: v\u00edrus, invas\u00e3o ao banco de dados, v\u00edcios ou defeitos t\u00e9cnicos, assim como, falhas operacionais resultantes da m\u00e1 utiliza\u00e7\u00e3o do site e em raz\u00e3o de falhas de conex\u00e3o ou imper\u00edcia.<\/p><p>O Col\u00e9gio Duque de Caxias possui assessoria jur\u00eddica respons\u00e1vel por quaisquer demandas que possam surgir para solucionar as quest\u00f5es, seja no contencioso judicial ou extrajudicial.<\/p><p>O Col\u00e9gio Duque de Caxias empregar\u00e1 esfor\u00e7os para resguardar as informa\u00e7\u00f5es e dados coletados do usu\u00e1rio pelo site.<\/p><p>Agradecemos a prefer\u00eancia.<\/p><p>Atenciosamente,<\/p><p><strong>COL\u00c9GIO DUQUE DE CAXIAS.<\/strong><br \/>E-mail: secretaria@colegiocdc.com.br<br \/>Telefone: 27 3059-1001<br \/>WhatsApp: +55 27 99628-9644<\/p>\t\t\t\t\t\t\t\t<\/div>\n\t\t\t\t<\/div>\n\t\t\t\t\t<\/div>\n\t\t\t\t<\/div>\n\t\t\t\t\t<\/div>\n\t\t\t\t<\/div>\n\t\t\t\t<\/div>\n\t\t","protected":false},"excerpt":{"rendered":"<p>Pol\u00edtica de Privacidade A sua privacidade \u00e9 importante para n\u00f3s. \u00c9 pol\u00edtica do site Col\u00e9gio Duque de Caxias respeitar a sua privacidade em rela\u00e7\u00e3o a qualquer informa\u00e7\u00e3o sua que possamos coletar no site Col\u00e9gio Duque de Caxias, e outros sites que possu\u00edmos e operamos. Trabalhamos com base na Lei de Prote\u00e7\u00e3o de Dados (13.709\/2018) que [&hellip;]<\/p>\n","protected":false},"author":1,"featured_media":0,"parent":0,"menu_order":0,"comment_status":"closed","ping_status":"closed","template":"","meta":{"footnotes":""},"class_list":["post-548","page","type-page","status-publish","hentry"],"_links":{"self":[{"href":"https:\/\/colegiocdc.com.br\/index.php?rest_route=\/wp\/v2\/pages\/548","targetHints":{"allow":["GET"]}}],"collection":[{"href":"https:\/\/colegiocdc.com.br\/index.php?rest_route=\/wp\/v2\/pages"}],"about":[{"href":"https:\/\/colegiocdc.com.br\/index.php?rest_route=\/wp\/v2\/types\/page"}],"author":[{"embeddable":true,"href":"https:\/\/colegiocdc.com.br\/index.php?rest_route=\/wp\/v2\/users\/1"}],"replies":[{"embeddable":true,"href":"https:\/\/colegiocdc.com.br\/index.php?rest_route=%2Fwp%2Fv2%2Fcomments&post=548"}],"version-history":[{"count":19,"href":"https:\/\/colegiocdc.com.br\/index.php?rest_route=\/wp\/v2\/pages\/548\/revisions"}],"predecessor-version":[{"id":715,"href":"https:\/\/colegiocdc.com.br\/index.php?rest_route=\/wp\/v2\/pages\/548\/revisions\/715"}],"wp:attachment":[{"href":"https:\/\/colegiocdc.com.br\/index.php?rest_route=%2Fwp%2Fv2%2Fmedia&parent=548"}],"curies":[{"name":"wp","href":"https:\/\/api.w.org\/{rel}","templated":true}]}}